{"id":4995,"date":"2025-06-10T00:10:16","date_gmt":"2025-06-10T00:10:16","guid":{"rendered":"https:\/\/habloeducation.com\/cookie-richtlinie-2\/"},"modified":"2025-06-10T00:10:16","modified_gmt":"2025-06-10T00:10:16","slug":"cookie-richtlinie-2","status":"publish","type":"page","link":"https:\/\/habloeducation.com\/de\/cookie-richtlinie-2\/","title":{"rendered":"Cookie-Richtlinie"},"content":{"rendered":"\n<h1 class=\"wp-block-heading\"><\/h1>\n\n\n\n<p>Hablo Educational Programs SL, als Data Controller, verarbeitet die zur Verf\u00fcgung gestellten personenbezogenen Daten, um Ihnen die angeforderten Informationen oder Dienstleistungen zur Verf\u00fcgung zu stellen sowie die entsprechende Rechnungsstellung und die notwendigen administrativen und kommerziellen Verfahren durchzuf\u00fchren. Diese Daten werden gem\u00e4\u00df den Bestimmungen der Verordnung (EU) 2016\/679 vom 27. April (GDPR) und des Organgesetzes 3\/2018 vom 5. Dezember (LOPDGDD) auf der Grundlage des berechtigten Interesses des f\u00fcr die Datenverarbeitung Verantwortlichen (Art. 6.1.f GDPR) verarbeitet und so lange aufbewahrt, wie es f\u00fcr die Aufrechterhaltung des Zwecks der Verarbeitung oder aufgrund einer gesetzlichen Verpflichtung unbedingt erforderlich ist. Es werden keine Daten an Dritte weitergegeben, es sei denn, dies ist gesetzlich vorgeschrieben.<br>Sie k\u00f6nnen Ihre Rechte auf Zugang, Berichtigung, \u00dcbertragbarkeit und L\u00f6schung Ihrer Daten sowie die Rechte auf Einschr\u00e4nkung und Widerspruch gegen die Verarbeitung aus\u00fcben, indem Sie sich an Hablo Educational Programs SL mit Sitz in c\/ Legazpi n\u00ba23, pta 108, 46730 &#8211; Playa de Gand\u00eda (Valencia) oder per E-Mail an admin@habloeducation.es wenden. Sie k\u00f6nnen auch eine Beschwerde bei der spanischen Datenschutzbeh\u00f6rde unter www.aepd.es einreichen.   <\/p>\n\n\n\n<h2 class=\"wp-block-heading\">1. was sind Cookies?<\/h2>\n\n\n\n<p>Cookies sind kleine Textdateien, die auf Ihrem Ger\u00e4t (Computer, Handy, Tablet) gespeichert werden, wenn Sie eine Website besuchen. Ihre Hauptfunktion besteht darin, sich Informationen \u00fcber Ihren Besuch zu merken, um das Benutzererlebnis zu verbessern, die Navigation zu erleichtern und in einigen F\u00e4llen statistische oder Werbedaten zu sammeln. <\/p>\n\n\n\n<h2 class=\"wp-block-heading\">2. welche Arten von Cookies wir verwenden<\/h2>\n\n\n\n<p>Auf habloeducation.com verwenden wir die folgenden Arten von Cookies:<\/p>\n\n\n\n<h3 class=\"wp-block-heading\">2.1 Technische und funktionale Cookies<\/h3>\n\n\n\n<p>Sie sind f\u00fcr das ordnungsgem\u00e4\u00dfe Funktionieren der Website unerl\u00e4sslich und erm\u00f6glichen Ihnen die Navigation und die Nutzung ihrer Funktionen, wie z.B. den Zugriff auf gesch\u00fctzte Bereiche oder die Speicherung Ihrer Einstellungen. Ohne diese Cookies sind einige Dienste m\u00f6glicherweise nicht verf\u00fcgbar. <\/p>\n\n\n\n<h3 class=\"wp-block-heading\">2.2 Analytische Cookies<\/h3>\n\n\n\n<p>Sie sammeln in anonymer Form Informationen dar\u00fcber, wie Besucher die Website nutzen, welche Seiten sie am h\u00e4ufigsten besuchen und ob sie Fehlermeldungen erhalten. Diese Daten helfen uns, die Leistung und Benutzerfreundlichkeit der Website zu verbessern. <\/p>\n\n\n\n<h3 class=\"wp-block-heading\">2.3 Personalisierungs-Cookies<\/h3>\n\n\n\n<p>Sie erm\u00f6glichen es uns, Ihre Auswahl und Pr\u00e4ferenzen (z. B. Sprache oder Region) zu speichern, um Ihnen ein pers\u00f6nlicheres Erlebnis zu bieten.<\/p>\n\n\n\n<h3 class=\"wp-block-heading\">2.4 Werbung und Cookies von Dritten<\/h3>\n\n\n\n<p>Sie werden verwendet, um Ihnen relevante Werbung zu zeigen, die auf Ihren Interessen basiert, und um die Anzahl der Anzeigen zu begrenzen, die Sie sehen. Sie k\u00f6nnen auch von Dritten verwendet werden, um Analysen durchzuf\u00fchren und die Effektivit\u00e4t von Werbekampagnen zu messen. <\/p>\n\n\n\n<h2 class=\"wp-block-heading\">3. Auf habloeducation.com verwendete Cookies<\/h2>\n\n\n\n<p>Nachstehend finden Sie einige der von uns verwendeten Cookies, ihren Zweck und ihre Dauer:<\/p>\n\n\n\n<figure class=\"wp-block-table\"><table class=\"has-fixed-layout\"><thead><tr><th>Cookie-Name<\/th><th>Zweck<\/th><th>Dauer<\/th><th>Typ<\/th><\/tr><\/thead><tbody><tr><td>_ga<\/td><td>Google Analytics, Analyse<\/td><td>2 Jahre<\/td><td>Analytik<\/td><\/tr><tr><td>_gid<\/td><td>Google Analytics, Analyse<\/td><td>24 Stunden<\/td><td>Analytik<\/td><\/tr><tr><td>cookie_Zustimmung<\/td><td>Registrierung der Zustimmung<\/td><td>1 Jahr<\/td><td>Technik<\/td><\/tr><tr><td>_fbp<\/td><td>Facebook Pixel, Werbung<\/td><td>3 Monate<\/td><td>Werbung<\/td><\/tr><\/tbody><\/table><\/figure>\n\n\n\n<p><em>(Diese Tabelle ist ein Beispiel; sie sollte je nach den tats\u00e4chlich von der Website verwendeten Cookies angepasst werden).<\/em><\/p>\n\n\n\n<h2 class=\"wp-block-heading\">4. Einverst\u00e4ndniserkl\u00e4rung und Cookie-Verwaltung<\/h2>\n\n\n\n<p>Wenn Sie auf habloeducation.com zugreifen, wird Ihnen ein Cookie-Hinweis angezeigt, in dem Sie die Verwendung von Cookies akzeptieren, ablehnen oder Ihre Einstellungen konfigurieren k\u00f6nnen. F\u00fcr die Verwendung von Cookies, die nicht rein technischer Natur sind, ist Ihre Zustimmung erforderlich. <\/p>\n\n\n\n<p>Sie k\u00f6nnen Ihre Zustimmung jederzeit verwalten oder widerrufen, indem Sie den Link oder die Schaltfl\u00e4che zu den Cookie-Einstellungen in der Fu\u00dfzeile der Website verwenden.<\/p>\n\n\n\n<h2 class=\"wp-block-heading\">5. Wie Sie Cookies deaktivieren oder l\u00f6schen k\u00f6nnen<\/h2>\n\n\n\n<p>Sie k\u00f6nnen Ihren Browser so konfigurieren, dass er Cookies blockiert oder l\u00f6scht. Hier erfahren Sie, wie Sie dies in den g\u00e4ngigsten Browsern tun k\u00f6nnen: <\/p>\n\n\n\n<ul class=\"wp-block-list\">\n<li><strong>Google Chrome:<\/strong> Einstellungen &gt; Datenschutz und Sicherheit &gt; Cookies und andere Website-Daten.<\/li>\n\n\n\n<li><strong>Mozilla Firefox:<\/strong> Optionen &gt; Datenschutz und Sicherheit &gt; Cookies und Website-Daten.<\/li>\n\n\n\n<li><strong>Safari:<\/strong> Einstellungen &gt; Datenschutz &gt; Website-Daten verwalten.<\/li>\n\n\n\n<li><strong>Microsoft Edge:<\/strong> Einstellungen &gt; Cookies und Website-Berechtigungen.<\/li>\n<\/ul>\n\n\n\n<p>Bitte beachten Sie, dass die Deaktivierung von Cookies die Funktionalit\u00e4t und das Surferlebnis auf unserer Website beeintr\u00e4chtigen kann.<\/p>\n\n\n\n<h2 class=\"wp-block-heading\">6. Links zu Richtlinien von Dritten<\/h2>\n\n\n\n<p>Bei Hablo Education verwenden wir m\u00f6glicherweise Dienste von Drittanbietern (wie Google Analytics, Facebook Pixel), die ebenfalls Cookies verwenden. Wir empfehlen Ihnen, deren Datenschutz- und Cookie-Richtlinien zu konsultieren, um weitere Informationen \u00fcber deren Verwendung und Verwaltung zu erhalten. <\/p>\n\n\n\n<h2 class=\"wp-block-heading\">7. \u00c4nderungen an der Cookie-Richtlinie<\/h2>\n\n\n\n<p>Wir behalten uns das Recht vor, diese Cookie-Richtlinie zu \u00e4ndern, um sie an neue Gesetze oder \u00c4nderungen in unseren Praktiken anzupassen. Wir empfehlen Ihnen, sie regelm\u00e4\u00dfig zu lesen, um auf dem Laufenden zu bleiben. <\/p>\n\n\n\n<h2 class=\"wp-block-heading\">8. Kontakt<\/h2>\n\n\n\n<p>Wenn Sie Fragen haben oder Ihre Rechte im Zusammenhang mit der Verarbeitung Ihrer pers\u00f6nlichen Daten aus\u00fcben m\u00f6chten, k\u00f6nnen Sie uns unter folgender Adresse kontaktieren:<\/p>\n\n\n\n<p>E-Mail: <a href=\"eduardo.gumbrevicius@habloeducation.es\">admin@habloeducation.es<\/a><br>Adresse:<strong> Rosa de los Vientos Bajo 51, Gand\u00eda.<\/strong><\/p>\n","protected":false},"excerpt":{"rendered":"<p>Hablo Educational Programs SL, als Data Controller, verarbeitet die zur Verf\u00fcgung gestellten personenbezogenen Daten, um Ihnen die angeforderten Informationen oder Dienstleistungen zur Verf\u00fcgung zu stellen sowie<span class=\"excerpt-hellip\"> [\u2026]<\/span><\/p>\n","protected":false},"author":2,"featured_media":0,"parent":0,"menu_order":54,"comment_status":"closed","ping_status":"closed","template":"","meta":{"_joinchat":[],"footnotes":""},"class_list":["post-4995","page","type-page","status-publish","hentry"],"yoast_head":"<!-- This site is optimized with the Yoast SEO Premium plugin v27.3 (Yoast SEO v27.3) - https:\/\/yoast.com\/product\/yoast-seo-premium-wordpress\/ -->\n<title>Cookie-Richtlinie - Hablo Education<\/title>\n<meta name=\"robots\" content=\"index, follow, max-snippet:-1, max-image-preview:large, max-video-preview:-1\" \/>\n<link rel=\"canonical\" href=\"https:\/\/habloeducation.com\/cookie-richtlinie-2\/\" \/>\n<meta property=\"og:locale\" content=\"de_DE\" \/>\n<meta property=\"og:type\" content=\"article\" \/>\n<meta property=\"og:title\" content=\"Cookie-Richtlinie\" \/>\n<meta property=\"og:description\" content=\"Hablo Educational Programs SL, als Data Controller, verarbeitet die zur Verf\u00fcgung gestellten personenbezogenen Daten, um Ihnen die angeforderten Informationen oder Dienstleistungen zur Verf\u00fcgung zu stellen sowie [\u2026]\" \/>\n<meta property=\"og:url\" content=\"https:\/\/habloeducation.com\/cookie-richtlinie-2\/\" \/>\n<meta property=\"og:site_name\" content=\"Hablo Education\" \/>\n<meta property=\"article:publisher\" content=\"https:\/\/www.facebook.com\/habloeducation\" \/>\n<meta name=\"twitter:card\" content=\"summary_large_image\" \/>\n<meta name=\"twitter:label1\" content=\"Gesch\u00e4tzte Lesezeit\" \/>\n\t<meta name=\"twitter:data1\" content=\"4\u00a0Minuten\" \/>\n<script type=\"application\/ld+json\" class=\"yoast-schema-graph\">{\"@context\":\"https:\\\/\\\/schema.org\",\"@graph\":[{\"@type\":\"WebPage\",\"@id\":\"https:\\\/\\\/habloeducation.com\\\/cookie-richtlinie-2\\\/\",\"url\":\"https:\\\/\\\/habloeducation.com\\\/cookie-richtlinie-2\\\/\",\"name\":\"Cookie-Richtlinie - Hablo Education\",\"isPartOf\":{\"@id\":\"https:\\\/\\\/habloeducation.com\\\/#website\"},\"datePublished\":\"2025-06-10T00:10:16+00:00\",\"breadcrumb\":{\"@id\":\"https:\\\/\\\/habloeducation.com\\\/cookie-richtlinie-2\\\/#breadcrumb\"},\"inLanguage\":\"de\",\"potentialAction\":[{\"@type\":\"ReadAction\",\"target\":[\"https:\\\/\\\/habloeducation.com\\\/cookie-richtlinie-2\\\/\"]}]},{\"@type\":\"BreadcrumbList\",\"@id\":\"https:\\\/\\\/habloeducation.com\\\/cookie-richtlinie-2\\\/#breadcrumb\",\"itemListElement\":[{\"@type\":\"ListItem\",\"position\":1,\"name\":\"Portada\",\"item\":\"https:\\\/\\\/habloeducation.com\\\/\"},{\"@type\":\"ListItem\",\"position\":2,\"name\":\"Cookie-Richtlinie\"}]},{\"@type\":\"WebSite\",\"@id\":\"https:\\\/\\\/habloeducation.com\\\/#website\",\"url\":\"https:\\\/\\\/habloeducation.com\\\/\",\"name\":\"Hablo Education\",\"description\":\"\",\"publisher\":{\"@id\":\"https:\\\/\\\/habloeducation.com\\\/#organization\"},\"potentialAction\":[{\"@type\":\"SearchAction\",\"target\":{\"@type\":\"EntryPoint\",\"urlTemplate\":\"https:\\\/\\\/habloeducation.com\\\/?s={search_term_string}\"},\"query-input\":{\"@type\":\"PropertyValueSpecification\",\"valueRequired\":true,\"valueName\":\"search_term_string\"}}],\"inLanguage\":\"de\"},{\"@type\":\"Organization\",\"@id\":\"https:\\\/\\\/habloeducation.com\\\/#organization\",\"name\":\"Hablo Education\",\"url\":\"https:\\\/\\\/habloeducation.com\\\/\",\"logo\":{\"@type\":\"ImageObject\",\"inLanguage\":\"de\",\"@id\":\"https:\\\/\\\/habloeducation.com\\\/#\\\/schema\\\/logo\\\/image\\\/\",\"url\":\"https:\\\/\\\/habloeducation.com\\\/wp-content\\\/uploads\\\/2025\\\/03\\\/cropped-cropped-LOGO-HABLO-ORIGINAL-FULL.png\",\"contentUrl\":\"https:\\\/\\\/habloeducation.com\\\/wp-content\\\/uploads\\\/2025\\\/03\\\/cropped-cropped-LOGO-HABLO-ORIGINAL-FULL.png\",\"width\":1311,\"height\":469,\"caption\":\"Hablo Education\"},\"image\":{\"@id\":\"https:\\\/\\\/habloeducation.com\\\/#\\\/schema\\\/logo\\\/image\\\/\"},\"sameAs\":[\"https:\\\/\\\/www.facebook.com\\\/habloeducation\",\"https:\\\/\\\/www.instagram.com\\\/habloeducational\\\/\"]}]}<\/script>\n<!-- \/ Yoast SEO Premium plugin. -->","yoast_head_json":{"title":"Cookie-Richtlinie - Hablo Education","robots":{"index":"index","follow":"follow","max-snippet":"max-snippet:-1","max-image-preview":"max-image-preview:large","max-video-preview":"max-video-preview:-1"},"canonical":"https:\/\/habloeducation.com\/cookie-richtlinie-2\/","og_locale":"de_DE","og_type":"article","og_title":"Cookie-Richtlinie","og_description":"Hablo Educational Programs SL, als Data Controller, verarbeitet die zur Verf\u00fcgung gestellten personenbezogenen Daten, um Ihnen die angeforderten Informationen oder Dienstleistungen zur Verf\u00fcgung zu stellen sowie [\u2026]","og_url":"https:\/\/habloeducation.com\/cookie-richtlinie-2\/","og_site_name":"Hablo Education","article_publisher":"https:\/\/www.facebook.com\/habloeducation","twitter_card":"summary_large_image","twitter_misc":{"Gesch\u00e4tzte Lesezeit":"4\u00a0Minuten"},"schema":{"@context":"https:\/\/schema.org","@graph":[{"@type":"WebPage","@id":"https:\/\/habloeducation.com\/cookie-richtlinie-2\/","url":"https:\/\/habloeducation.com\/cookie-richtlinie-2\/","name":"Cookie-Richtlinie - Hablo Education","isPartOf":{"@id":"https:\/\/habloeducation.com\/#website"},"datePublished":"2025-06-10T00:10:16+00:00","breadcrumb":{"@id":"https:\/\/habloeducation.com\/cookie-richtlinie-2\/#breadcrumb"},"inLanguage":"de","potentialAction":[{"@type":"ReadAction","target":["https:\/\/habloeducation.com\/cookie-richtlinie-2\/"]}]},{"@type":"BreadcrumbList","@id":"https:\/\/habloeducation.com\/cookie-richtlinie-2\/#breadcrumb","itemListElement":[{"@type":"ListItem","position":1,"name":"Portada","item":"https:\/\/habloeducation.com\/"},{"@type":"ListItem","position":2,"name":"Cookie-Richtlinie"}]},{"@type":"WebSite","@id":"https:\/\/habloeducation.com\/#website","url":"https:\/\/habloeducation.com\/","name":"Hablo Education","description":"","publisher":{"@id":"https:\/\/habloeducation.com\/#organization"},"potentialAction":[{"@type":"SearchAction","target":{"@type":"EntryPoint","urlTemplate":"https:\/\/habloeducation.com\/?s={search_term_string}"},"query-input":{"@type":"PropertyValueSpecification","valueRequired":true,"valueName":"search_term_string"}}],"inLanguage":"de"},{"@type":"Organization","@id":"https:\/\/habloeducation.com\/#organization","name":"Hablo Education","url":"https:\/\/habloeducation.com\/","logo":{"@type":"ImageObject","inLanguage":"de","@id":"https:\/\/habloeducation.com\/#\/schema\/logo\/image\/","url":"https:\/\/habloeducation.com\/wp-content\/uploads\/2025\/03\/cropped-cropped-LOGO-HABLO-ORIGINAL-FULL.png","contentUrl":"https:\/\/habloeducation.com\/wp-content\/uploads\/2025\/03\/cropped-cropped-LOGO-HABLO-ORIGINAL-FULL.png","width":1311,"height":469,"caption":"Hablo Education"},"image":{"@id":"https:\/\/habloeducation.com\/#\/schema\/logo\/image\/"},"sameAs":["https:\/\/www.facebook.com\/habloeducation","https:\/\/www.instagram.com\/habloeducational\/"]}]}},"_links":{"self":[{"href":"https:\/\/habloeducation.com\/de\/wp-json\/wp\/v2\/pages\/4995","targetHints":{"allow":["GET"]}}],"collection":[{"href":"https:\/\/habloeducation.com\/de\/wp-json\/wp\/v2\/pages"}],"about":[{"href":"https:\/\/habloeducation.com\/de\/wp-json\/wp\/v2\/types\/page"}],"author":[{"embeddable":true,"href":"https:\/\/habloeducation.com\/de\/wp-json\/wp\/v2\/users\/2"}],"replies":[{"embeddable":true,"href":"https:\/\/habloeducation.com\/de\/wp-json\/wp\/v2\/comments?post=4995"}],"version-history":[{"count":0,"href":"https:\/\/habloeducation.com\/de\/wp-json\/wp\/v2\/pages\/4995\/revisions"}],"wp:attachment":[{"href":"https:\/\/habloeducation.com\/de\/wp-json\/wp\/v2\/media?parent=4995"}],"curies":[{"name":"wp","href":"https:\/\/api.w.org\/{rel}","templated":true}]}}