{"id":5053,"date":"2025-11-25T23:31:53","date_gmt":"2025-11-25T23:31:53","guid":{"rendered":"https:\/\/habloeducation.com\/informationsspezifische-kurse\/"},"modified":"2025-11-25T23:31:53","modified_gmt":"2025-11-25T23:31:53","slug":"informationsspezifische-kurse","status":"publish","type":"page","link":"https:\/\/habloeducation.com\/de\/informationsspezifische-kurse\/","title":{"rendered":"Informationsspezifische Kurse"},"content":{"rendered":"\n<p class=\"has-text-align-left has-medium-font-size\"><strong>Informationen \u00fcber SIELE- und DELE-Vorbereitungskurse:<\/strong><\/p>\n\n\n\n<p class=\"has-medium-font-size\"><strong>DELE und SIELE Pr\u00fcfungsvorbereitung<\/strong><\/p>\n\n\n\n<p>M\u00f6chten Sie Ihre Spanischkenntnisse mit einem offiziellen Abschluss zertifizieren lassen? In unserer Schule<br>helfen wir Ihnen mit intensiven <strong>Vorbereitungskursen f\u00fcr die DELE- und<br>SIELE-Pr\u00fcfungen<\/strong>, Ihr Ziel zu erreichen. <\/p>\n\n\n\n<p>Vier Wochen lang arbeiten Sie mit echten Tests, spezifischen Strategien und<br>Materialien, um jeden Teil des Tests zu meistern (Leseverst\u00e4ndnis, H\u00f6rverst\u00e4ndnis,<br>Sprechen und Schreiben).<\/p>\n\n\n\n<p><strong>Verf\u00fcgbare Zeiten:<br><\/strong>\u25cf <strong>Montag und Mittwoch<\/strong>: von 13:00 bis 14:30 oder von 15:00 bis 16:30<br><strong>\u25cf Dienstag und Donnerstag: <\/strong>von 15:00 bis 16:30 oder von 17:00 bis 18:30<\/p>\n\n\n\n<p><strong>Kleine Gruppen: <\/strong>maximal 6 Personen, um eine pers\u00f6nliche Betreuung und effektives Lernen zu gew\u00e4hrleisten<br>.<br>Egal, ob Sie ein Zertifikat f\u00fcr Ihr Studium, Ihren Beruf oder einfach nur zum Nachweis Ihrer Spanischkenntnisse<br>ben\u00f6tigen, wir begleiten Sie Schritt f\u00fcr Schritt, bis Sie Ihr Ziel erreichen.<\/p>\n\n\n\n<p class=\"has-medium-font-size\"><strong>Spezielle Kurse.<br>Spanisch f\u00fcr Einwanderer<\/strong><\/p>\n\n\n\n<p class=\"has-small-font-size\">Der Kurs richtet sich an in Spanien lebende Personen, die ihre Kommunikationsf\u00e4higkeiten auf<br>in allt\u00e4glichen Situationen verbessern m\u00f6chten: Arzttermine vereinbaren, Formalit\u00e4ten erledigen, mit Lehrern oder Nachbarn sprechen,<br>usw.<br>Dauer: 4 Wochen, 2 Tage pro Woche (1 Std. 30 Min. pro Sitzung).<br>Methodik: kommunikativer Ansatz, authentisches Material, Gruppen von maximal 6 Personen.<\/p>\n\n\n\n<p class=\"has-small-font-size\">Inhalt:<\/p>\n\n\n\n<p class=\"has-small-font-size\">Grundlegende Formalit\u00e4ten und Formalit\u00e4ten<br>\u25cf Vereinbaren Sie einen Termin im Gesundheitszentrum oder im Rathaus<\/p>\n\n\n\n<p class=\"has-medium-font-size\">1. <strong>Allt\u00e4gliches Leben<\/strong><\/p>\n\n\n\n<ol class=\"wp-block-list\"><\/ol>\n\n\n\n<p class=\"has-small-font-size\">\u25cf Stellen Sie sich vor und sprechen Sie \u00fcber sich selbst.<br>Beschreiben Sie die t\u00e4glichen Routinen.<br>\u25cf Sagen Sie die Uhrzeit, Wochentage, Monate.<br>\u25cf Einkaufen: Lebensmittel, Preise, Mengen.<br>\u25cf Im \u00f6rtlichen Supermarkt oder auf dem Markt.<\/p>\n\n\n\n<p class=\"has-text-align-left has-medium-font-size\">2. <strong>grundlegende Formalit\u00e4ten und Formalit\u00e4ten<\/strong><\/p>\n\n\n\n<p class=\"has-small-font-size\">\u25cf Vereinbaren Sie einen Termin im Gesundheitszentrum oder im Rathaus.<br>\u25cf Ausf\u00fcllen von einfachen Formularen.<br>\u25cf Anmeldung, Arzttermine, Transport, Arbeitsamt.<br>\u25cf Verstehen Sie Plakate, Anzeigen und Verwaltungsmitteilungen.<\/p>\n\n\n\n<p class=\"has-medium-font-size\"><strong>3. Gesundheit<\/strong><\/p>\n\n\n\n<p class=\"has-small-font-size\">\u25cf Im Gesundheitszentrum: Symptome, Medikamente, Termine.<br>Der K\u00f6rper, der Schmerz, wie man Unbehagen ausdr\u00fccken kann.<br>Verstehen Sie grundlegende medizinische Anweisungen.<\/p>\n\n\n\n<p class=\"has-medium-font-size\"><strong>4. Familie und Schule<\/strong><\/p>\n\n\n\n<p class=\"has-small-font-size\">\u25cf Sprechen Sie \u00fcber Familie und pers\u00f6nliche Beziehungen.<br>\u25cf Kommunikation mit Lehrern oder Schulbetreuern.<br>\u25cf Nehmen Sie an Schulversammlungen teil.<\/p>\n\n\n\n<p class=\"has-medium-font-size\">5. <strong>Die Nachbarschaft und die Stadt<\/strong><\/p>\n\n\n\n<p class=\"has-small-font-size\">\u25cf Nach dem Weg fragen und Anweisungen geben.<br>\u25cf Transport: Bus, U-Bahn, Zug.<br>\u25cf Dienstleistungen in der Nachbarschaft: Apotheke, Tabakladen, Supermarkt, B\u00fcrgerzentrum.<br>\u25cf Interaktion mit Nachbarn.<\/p>\n\n\n\n<p class=\"has-medium-font-size\"><strong>6. Die Arbeit<\/strong><\/p>\n\n\n\n<p>\u25cf Stellensuche: Verstehen von Stellenangeboten.<br>\u25cf Grundwortschatz der Berufe.<br>\u25cf Stellen Sie sich in einem einfachen Gespr\u00e4ch vor.<br>\u25cf Besprechen Sie Stunden, Bezahlung und Aufgaben.<\/p>\n\n\n\n<p class=\"has-medium-font-size\"><strong>7. Praktische Kommunikation<\/strong><\/p>\n\n\n\n<p>\u25cf Bitten Sie um Hilfe oder Informationen.<br>\u25cf Rufen Sie an oder hinterlassen Sie eine Nachricht.<br>\u25cf Bed\u00fcrfnisse und Gef\u00fchle ausdr\u00fccken.<br>\u25cf H\u00f6flich sein in verschiedenen Kontexten (Begr\u00fc\u00dfung, Dank, Entschuldigung).<\/p>\n\n\n\n<p class=\"has-medium-font-size\"><strong>8. Kultur und Integration<\/strong><\/p>\n\n\n\n<p class=\"has-small-font-size\">\u25cf Feste und Br\u00e4uche in Spanien.<br>\u25cf Zeitpl\u00e4ne, Gewohnheiten und soziales Leben.<br>\u25cf Kulturelle Unterschiede und Koexistenz.<\/p>\n\n\n\n<p class=\"has-medium-font-size\">Zielsetzung:<\/p>\n\n\n\n<p class=\"has-small-font-size\">\u25cf Kann bei grundlegenden Interaktionen selbstbewusst auftreten.<br>\u25cf Einfache offizielle Dokumente verstehen und ausf\u00fcllen.<br>\u25cf Bed\u00fcrfnisse und Meinungen klar ausdr\u00fccken.<\/p>\n\n\n\n<p class=\"has-small-font-size\"><strong>Wirtschaftsspanisch.<\/strong><\/p>\n\n\n\n<p>1. Die Arbeitswelt und das Unternehmen<br>\u25cf Arten von Unternehmen und Sektoren.<br>\u25cf Organigramm und Positionen.<br>\u25cf Beschreiben Sie Rollen und Verantwortlichkeiten.<br>\u25cf Vokabeln von Berufen und Abteilungen.<br>\u25cf Sprechen Sie \u00fcber Arbeitsroutine und Arbeitszeiten.<br>Kommunikatives Ziel: sich beruflich vorstellen und den Arbeitsplatz beschreiben.<\/p>\n\n\n\n<ol class=\"wp-block-list\"><\/ol>\n\n\n\n<p>2. Kommunikation im beruflichen Umfeld<br>\u25cf Ausdr\u00fccke f\u00fcr H\u00f6flichkeit und F\u00f6rmlichkeit.<br>\u25cf Erteilen und Erfragen von Informationen bei der Arbeit.<br>\u25cf Telefonieren.<br>\u25cf Vereinbaren und Best\u00e4tigen von Terminen oder Besprechungen.<br>Ziel: mit Kunden, Kollegen oder Vorgesetzten in angemessener Weise und<br>professionell umgehen.<\/p>\n\n\n\n<p>3. Korrespondenz und schriftliche Kommunikation<br>\u25cf Aufbau einer formellen E-Mail.<br>\u25cf Schreiben von Anfragen, Beschwerden oder Antworten.<br>\u25cf Kurze Nachrichten in Firmenchats oder internen Plattformen.<br>\u25cf Verwendung schriftlicher H\u00f6flichkeit.<br>Ziel: professionelle Nachrichten klar und korrekt schreiben.<\/p>\n\n\n\n<p>4. Besprechungen und Verhandlungen<br>\u25cf Meinungen, Zustimmung und Ablehnung ausdr\u00fccken.<br>\u25cf Vorschl\u00e4ge machen und Optionen bewerten.<br>\u25cf Gruppenentscheidungen treffen.<br>\u25cf Preise, Fristen oder Bedingungen aushandeln.<br>Ziel: aktiv an Besprechungen und einfachen Verhandlungen teilnehmen.<\/p>\n\n\n\n<p class=\"has-small-font-size\">5. Pr\u00e4sentationen und Projekte<br>\u25cf Beschreiben Sie Produkte oder Dienstleistungen. \u25cf Erl\u00e4utern Sie Diagramme, Zahlen und Ergebnisse.<br>\u25cf Organisieren Sie einen klaren m\u00fcndlichen Vortrag (Einleitung, Verlauf, Schluss).<br>\u25cf Verwenden Sie geeignete Verbindungselemente und einen professionellen Ton.<br>Ziel: Vorbereitung und Durchf\u00fchrung kurzer, effektiver Pr\u00e4sentationen.<\/p>\n\n\n\n<p class=\"has-small-font-size\">6. Marketing und Verkauf<br>\u25cf Werbung f\u00fcr ein Produkt oder eine Dienstleistung.<br>\u25cf Vokabular f\u00fcr Werbung, Verkaufsf\u00f6rderung und Kundenservice.<br>\u25cf Bearbeitung von Beschwerden oder Reklamationen.<br>Ziel: \u00dcberzeugend in kommerziellen Kontexten kommunizieren.<\/p>\n\n\n\n<p>7. Internationale Gesch\u00e4fte und Kultur<br>\u25cf Kulturelle Unterschiede in der Arbeitsumgebung.<br>\u25cf Wie man sich bei Besprechungen, Mahlzeiten oder Gesch\u00e4ftsveranstaltungen verh\u00e4lt.<br>\u25cf Berufliche Etikette in Spanien und anderen spanischsprachigen L\u00e4ndern.<\/p>\n\n\n\n<p class=\"has-small-font-size\">8. Besch\u00e4ftigungsverfahren und Dokumentation<br>\u25cf Verfassen eines Lebenslaufs und eines Anschreibens.<br>\u25cf Vorbereitung auf ein Vorstellungsgespr\u00e4ch.<br>\u25cf Verstehen von Gehaltsabrechnungen, Vertr\u00e4gen und grundlegenden Dokumenten.<br>Ziel: mit Prozessen der Stellensuche und -verwaltung umgehen k\u00f6nnen.<\/p>\n\n\n\n<p class=\"has-small-font-size\">\ufffd \ufffd \ufffd Empfohlener methodischer Ansatz<br>\u25cf Aufgabenbasiertes Lernen: Schreiben einer echten E-Mail, Vorbereiten einer<br>Pr\u00e4sentation, Rollenspiel eines Vorstellungsgespr\u00e4chs usw.<br>\u25cf Authentische Materialien: Stellenanzeigen, E-Mails, Berichte, echte Vorlagen.<br>\u25cf Kleingruppen und praktische Simulationen zur St\u00e4rkung von Sprachgewandtheit und Selbstvertrauen.<\/p>\n\n\n\n<p class=\"has-small-font-size\"><br><strong>Spanisch f\u00fcr Reisende<br>Themen f\u00fcr Spanisch f\u00fcr Reisende<\/strong><\/p>\n\n\n\n<p class=\"has-small-font-size\"><strong>1. unterkunft<br><\/strong>\u25cf Ein Zimmer in einem Hotel, einer Herberge oder einer Wohnung buchen.<br>\u25cf Verf\u00fcgbare Leistungen und Preise pr\u00fcfen.<br>\u25cf Besondere W\u00fcnsche \u00e4u\u00dfern (Zustellbett, Fr\u00fchst\u00fcck, Check-out-Zeit).<br><strong>Kommunikationsziel:<\/strong> Eine Unterkunft sicher buchen und verwalten.<\/p>\n\n\n\n<p class=\"has-small-font-size\"><strong>Restaurants und Essen<br><\/strong>\u25cf Essen und Getr\u00e4nke bestellen, die Speisekarte verstehen.<br>\u25cf Reservierungen in Restaurants vornehmen.<br>\u25cf Geschmacksvorlieben, Allergien oder Unvertr\u00e4glichkeiten ausdr\u00fccken.<br><strong>Ziel:<\/strong> die lokale K\u00fcche genie\u00dfen und im Zusammenhang mit Essen kommunizieren.<\/p>\n\n\n\n<p><strong>Transport und Fortbewegung<br><\/strong>\u25cf Fragen Sie nach dem Weg und finden Sie sich in der Stadt zurecht.<br>\u25cf Benutzen Sie die \u00f6ffentlichen Verkehrsmittel: Bus, U-Bahn, Taxi.<br>\u25cf Kaufen Sie Fahrscheine oder Fahrkarten.<br><strong>Ziel: <\/strong>sich selbstst\u00e4ndig in der Stadt bewegen.<\/p>\n\n\n\n<p><strong>4. Einkaufen und Dienstleistungen<br><\/strong>\u25cf Kaufen Sie Kleidung, Souvenirs oder Lebensmittel.<br>\u25cf Verhandeln Sie \u00fcber Preise oder fragen Sie nach Umtausch und R\u00fcckerstattung.<br>\u25cf Erkundigen Sie sich nach \u00d6ffnungszeiten und Dienstleistungen.<br><strong>Ziel: <\/strong>Eink\u00e4ufe und grundlegende Transaktionen effektiv durchf\u00fchren.<\/p>\n\n\n\n<p><strong>5. Tourismus und Freizeit<br><\/strong>\u25cf Besuchen Sie Museen, Denkm\u00e4ler und Sehensw\u00fcrdigkeiten.<br>\u25cf Erkundigen Sie sich nach \u00d6ffnungszeiten, Eintrittskarten und Routen.<br>\u25cf Nehmen Sie an kulturellen oder sportlichen Aktivit\u00e4ten teil.<br><strong>Ziel: <\/strong>touristische und kulturelle Aktivit\u00e4ten ohne Sprachbarrieren genie\u00dfen.<\/p>\n\n\n\n<p><strong>6. Praktische Kommunikation<br><\/strong>\u25cf Bitten Sie auf der Stra\u00dfe oder in Einrichtungen um Hilfe oder Informationen.<br>\u25cf \u00c4u\u00dfern Sie Probleme oder Bed\u00fcrfnisse (Verlaufen, Versp\u00e4tungen, Notf\u00e4lle).<br>\u25cf Kommunizieren Sie problemlos mit Einheimischen und anderen Touristen.<br><strong>Ziel:<\/strong> Bew\u00e4ltigung von Alltagssituationen und Notf\u00e4llen.<\/p>\n\n\n\n<p class=\"has-small-font-size\"><strong>7. Kultur und Sitten<br><\/strong>\u25cf Begr\u00fc\u00dfung und H\u00f6flichkeit.<br>\u25cf Grundregeln des Verhaltens und des Zusammenlebens.<br>\u25cf Kulturelle Unterschiede, die helfen, Missverst\u00e4ndnisse zu vermeiden.<br>Ziel: sich sozial integrieren und respektvoll und nat\u00fcrlich verhalten.<br><strong>Empfohlene Methodik<br><\/strong>\u25cf<strong>Lernen durch reale Situationen:<\/strong> Rollenspiele zu Reservierungen, Bestellungen im<br>Restaurant, Fragen nach dem Weg.<br>\u25cf <strong>Authentisches Material:<\/strong> Karten, Brosch\u00fcren, Speisekarten, Fahrkarten.<br>\u25cf<strong> Kleine Gruppen<\/strong>, um die m\u00fcndliche Kommunikation auf sichere und unterhaltsame Weise zu \u00fcben.<\/p>\n\n\n\n<p class=\"has-small-font-size\"><\/p>\n\n\n\n<p class=\"has-small-font-size\"><strong>Spanisch f\u00fcr Universit\u00e4tsstudenten<strong><br><\/strong>1. Akademisches Verst\u00e4ndnis<br><\/strong>\u25cf Lesen und verstehen Sie akademische Texte, Artikel und Notizen.<br>\u25cf Identifizieren Sie Haupt- und Nebengedanken.<br>\u25cf Fachvokabular je nach Fachgebiet.<br><strong>Kommunikatives Ziel:<\/strong> schriftliche Informationen, die f\u00fcr Ihr Studium relevant sind, verstehen.<\/p>\n\n\n\n<p><strong>2. Akademisches Sprechen<br><\/strong>\u25cf An Vorlesungen, Diskussionen und Seminaren teilnehmen.<br>\u25cf Pr\u00e4sentationen oder Papiere \u00f6ffentlich vorstellen.<br>\u25cf Meinungen \u00e4u\u00dfern, Fragen stellen und klar antworten.<br><strong>Ziel:<\/strong> Selbstbewusst im Klassenzimmer und bei akademischen Aktivit\u00e4ten kommunizieren.<\/p>\n\n\n\n<p><strong>3. Schriftlicher Ausdruck<br><\/strong>\u25cf Verfassen von Zusammenfassungen, Berichten und akademischen Arbeiten.<br>\u25cf Korrekte Verwendung von Konnektoren und logischer Aufbau von Texten.<br>\u25cf Zitierregeln und grundlegende Referenzen.<br><strong>Ziel:<\/strong> Verfassen klarer und gut strukturierter akademischer Texte.<\/p>\n\n\n\n<p><strong>4. Akademische Interaktion<br><\/strong>\u25cf Nehmen Sie an Arbeitsgruppen oder gemeinsamen Projekten teil.<br>\u25cf Kommunizieren Sie mit Lehrern, Tutoren und Klassenkameraden.<br>\u25cf F\u00fchren Sie Gruppenpr\u00e4sentationen durch und koordinieren Sie Aufgaben.<br><strong>Ziel:<\/strong> Sich fl\u00fcssig und sicher im Universit\u00e4tsleben bewegen.<\/p>\n\n\n\n<p><strong>5. Spanisch im universit\u00e4ren Kontext<br><\/strong>\u25cf Testanweisungen und Aufgaben verstehen.<br>\u25cf Sich auf akademischen Plattformen und in institutionellen E-Mails zurechtfinden.<br>\u25cf An Vorlesungen, Konferenzen und au\u00dferschulischen Aktivit\u00e4ten teilnehmen.<br><strong>Ziel:<\/strong> sich in das akademische Leben zu integrieren und das Beste aus den Erfahrungen an der Universit\u00e4t zu machen<br>.<br><strong>Empfohlene Methodik<\/strong><br>\u25cf <strong>Lernen durch echte akademische Aufgaben:<\/strong> Schreiben von Berichten,<br>Pr\u00e4sentationen, Debatten.<br>\u25cf <strong>Authentisches Material:<\/strong> wissenschaftliche Artikel, Aufs\u00e4tze, Vorlesungsaufzeichnungen.<br>\u25cf <strong>Kleine Gruppen<\/strong>, um pers\u00f6nliche Aufmerksamkeit und intensive m\u00fcndliche \u00dcbungen zu gew\u00e4hrleisten.<\/p>\n\n\n\n<ol start=\"5\" class=\"wp-block-list\"><\/ol>\n\n\n\n<p><\/p>\n","protected":false},"excerpt":{"rendered":"<p>Informationen \u00fcber SIELE- und DELE-Vorbereitungskurse: DELE und SIELE Pr\u00fcfungsvorbereitung M\u00f6chten Sie Ihre Spanischkenntnisse mit einem offiziellen Abschluss zertifizieren lassen? In unserer Schulehelfen wir Ihnen mit intensiven<span class=\"excerpt-hellip\"> [\u2026]<\/span><\/p>\n","protected":false},"author":2,"featured_media":0,"parent":0,"menu_order":175,"comment_status":"closed","ping_status":"closed","template":"","meta":{"_joinchat":[],"footnotes":""},"class_list":["post-5053","page","type-page","status-publish","hentry"],"yoast_head":"<!-- This site is optimized with the Yoast SEO Premium plugin v27.3 (Yoast SEO v27.3) - https:\/\/yoast.com\/product\/yoast-seo-premium-wordpress\/ -->\n<title>Informationsspezifische Kurse - Hablo Education<\/title>\n<meta name=\"robots\" content=\"index, follow, max-snippet:-1, max-image-preview:large, max-video-preview:-1\" \/>\n<link rel=\"canonical\" href=\"https:\/\/habloeducation.com\/informationsspezifische-kurse\/\" \/>\n<meta property=\"og:locale\" content=\"de_DE\" \/>\n<meta property=\"og:type\" content=\"article\" \/>\n<meta property=\"og:title\" content=\"Informationsspezifische Kurse\" \/>\n<meta property=\"og:description\" content=\"Informationen \u00fcber SIELE- und DELE-Vorbereitungskurse: DELE und SIELE Pr\u00fcfungsvorbereitung M\u00f6chten Sie Ihre Spanischkenntnisse mit einem offiziellen Abschluss zertifizieren lassen? In unserer Schulehelfen wir Ihnen mit intensiven [\u2026]\" \/>\n<meta property=\"og:url\" content=\"https:\/\/habloeducation.com\/informationsspezifische-kurse\/\" \/>\n<meta property=\"og:site_name\" content=\"Hablo Education\" \/>\n<meta property=\"article:publisher\" content=\"https:\/\/www.facebook.com\/habloeducation\" \/>\n<meta name=\"twitter:card\" content=\"summary_large_image\" \/>\n<meta name=\"twitter:label1\" content=\"Gesch\u00e4tzte Lesezeit\" \/>\n\t<meta name=\"twitter:data1\" content=\"6\u00a0Minuten\" \/>\n<script type=\"application\/ld+json\" class=\"yoast-schema-graph\">{\"@context\":\"https:\\\/\\\/schema.org\",\"@graph\":[{\"@type\":\"WebPage\",\"@id\":\"https:\\\/\\\/habloeducation.com\\\/informationsspezifische-kurse\\\/\",\"url\":\"https:\\\/\\\/habloeducation.com\\\/informationsspezifische-kurse\\\/\",\"name\":\"Informationsspezifische Kurse - Hablo Education\",\"isPartOf\":{\"@id\":\"https:\\\/\\\/habloeducation.com\\\/#website\"},\"datePublished\":\"2025-11-25T23:31:53+00:00\",\"breadcrumb\":{\"@id\":\"https:\\\/\\\/habloeducation.com\\\/informationsspezifische-kurse\\\/#breadcrumb\"},\"inLanguage\":\"de\",\"potentialAction\":[{\"@type\":\"ReadAction\",\"target\":[\"https:\\\/\\\/habloeducation.com\\\/informationsspezifische-kurse\\\/\"]}]},{\"@type\":\"BreadcrumbList\",\"@id\":\"https:\\\/\\\/habloeducation.com\\\/informationsspezifische-kurse\\\/#breadcrumb\",\"itemListElement\":[{\"@type\":\"ListItem\",\"position\":1,\"name\":\"Portada\",\"item\":\"https:\\\/\\\/habloeducation.com\\\/\"},{\"@type\":\"ListItem\",\"position\":2,\"name\":\"Informationsspezifische Kurse\"}]},{\"@type\":\"WebSite\",\"@id\":\"https:\\\/\\\/habloeducation.com\\\/#website\",\"url\":\"https:\\\/\\\/habloeducation.com\\\/\",\"name\":\"Hablo Education\",\"description\":\"\",\"publisher\":{\"@id\":\"https:\\\/\\\/habloeducation.com\\\/#organization\"},\"potentialAction\":[{\"@type\":\"SearchAction\",\"target\":{\"@type\":\"EntryPoint\",\"urlTemplate\":\"https:\\\/\\\/habloeducation.com\\\/?s={search_term_string}\"},\"query-input\":{\"@type\":\"PropertyValueSpecification\",\"valueRequired\":true,\"valueName\":\"search_term_string\"}}],\"inLanguage\":\"de\"},{\"@type\":\"Organization\",\"@id\":\"https:\\\/\\\/habloeducation.com\\\/#organization\",\"name\":\"Hablo Education\",\"url\":\"https:\\\/\\\/habloeducation.com\\\/\",\"logo\":{\"@type\":\"ImageObject\",\"inLanguage\":\"de\",\"@id\":\"https:\\\/\\\/habloeducation.com\\\/#\\\/schema\\\/logo\\\/image\\\/\",\"url\":\"https:\\\/\\\/habloeducation.com\\\/wp-content\\\/uploads\\\/2025\\\/03\\\/cropped-cropped-LOGO-HABLO-ORIGINAL-FULL.png\",\"contentUrl\":\"https:\\\/\\\/habloeducation.com\\\/wp-content\\\/uploads\\\/2025\\\/03\\\/cropped-cropped-LOGO-HABLO-ORIGINAL-FULL.png\",\"width\":1311,\"height\":469,\"caption\":\"Hablo Education\"},\"image\":{\"@id\":\"https:\\\/\\\/habloeducation.com\\\/#\\\/schema\\\/logo\\\/image\\\/\"},\"sameAs\":[\"https:\\\/\\\/www.facebook.com\\\/habloeducation\",\"https:\\\/\\\/www.instagram.com\\\/habloeducational\\\/\"]}]}<\/script>\n<!-- \/ Yoast SEO Premium plugin. -->","yoast_head_json":{"title":"Informationsspezifische Kurse - Hablo Education","robots":{"index":"index","follow":"follow","max-snippet":"max-snippet:-1","max-image-preview":"max-image-preview:large","max-video-preview":"max-video-preview:-1"},"canonical":"https:\/\/habloeducation.com\/informationsspezifische-kurse\/","og_locale":"de_DE","og_type":"article","og_title":"Informationsspezifische Kurse","og_description":"Informationen \u00fcber SIELE- und DELE-Vorbereitungskurse: DELE und SIELE Pr\u00fcfungsvorbereitung M\u00f6chten Sie Ihre Spanischkenntnisse mit einem offiziellen Abschluss zertifizieren lassen? In unserer Schulehelfen wir Ihnen mit intensiven [\u2026]","og_url":"https:\/\/habloeducation.com\/informationsspezifische-kurse\/","og_site_name":"Hablo Education","article_publisher":"https:\/\/www.facebook.com\/habloeducation","twitter_card":"summary_large_image","twitter_misc":{"Gesch\u00e4tzte Lesezeit":"6\u00a0Minuten"},"schema":{"@context":"https:\/\/schema.org","@graph":[{"@type":"WebPage","@id":"https:\/\/habloeducation.com\/informationsspezifische-kurse\/","url":"https:\/\/habloeducation.com\/informationsspezifische-kurse\/","name":"Informationsspezifische Kurse - Hablo Education","isPartOf":{"@id":"https:\/\/habloeducation.com\/#website"},"datePublished":"2025-11-25T23:31:53+00:00","breadcrumb":{"@id":"https:\/\/habloeducation.com\/informationsspezifische-kurse\/#breadcrumb"},"inLanguage":"de","potentialAction":[{"@type":"ReadAction","target":["https:\/\/habloeducation.com\/informationsspezifische-kurse\/"]}]},{"@type":"BreadcrumbList","@id":"https:\/\/habloeducation.com\/informationsspezifische-kurse\/#breadcrumb","itemListElement":[{"@type":"ListItem","position":1,"name":"Portada","item":"https:\/\/habloeducation.com\/"},{"@type":"ListItem","position":2,"name":"Informationsspezifische Kurse"}]},{"@type":"WebSite","@id":"https:\/\/habloeducation.com\/#website","url":"https:\/\/habloeducation.com\/","name":"Hablo Education","description":"","publisher":{"@id":"https:\/\/habloeducation.com\/#organization"},"potentialAction":[{"@type":"SearchAction","target":{"@type":"EntryPoint","urlTemplate":"https:\/\/habloeducation.com\/?s={search_term_string}"},"query-input":{"@type":"PropertyValueSpecification","valueRequired":true,"valueName":"search_term_string"}}],"inLanguage":"de"},{"@type":"Organization","@id":"https:\/\/habloeducation.com\/#organization","name":"Hablo Education","url":"https:\/\/habloeducation.com\/","logo":{"@type":"ImageObject","inLanguage":"de","@id":"https:\/\/habloeducation.com\/#\/schema\/logo\/image\/","url":"https:\/\/habloeducation.com\/wp-content\/uploads\/2025\/03\/cropped-cropped-LOGO-HABLO-ORIGINAL-FULL.png","contentUrl":"https:\/\/habloeducation.com\/wp-content\/uploads\/2025\/03\/cropped-cropped-LOGO-HABLO-ORIGINAL-FULL.png","width":1311,"height":469,"caption":"Hablo Education"},"image":{"@id":"https:\/\/habloeducation.com\/#\/schema\/logo\/image\/"},"sameAs":["https:\/\/www.facebook.com\/habloeducation","https:\/\/www.instagram.com\/habloeducational\/"]}]}},"_links":{"self":[{"href":"https:\/\/habloeducation.com\/de\/wp-json\/wp\/v2\/pages\/5053","targetHints":{"allow":["GET"]}}],"collection":[{"href":"https:\/\/habloeducation.com\/de\/wp-json\/wp\/v2\/pages"}],"about":[{"href":"https:\/\/habloeducation.com\/de\/wp-json\/wp\/v2\/types\/page"}],"author":[{"embeddable":true,"href":"https:\/\/habloeducation.com\/de\/wp-json\/wp\/v2\/users\/2"}],"replies":[{"embeddable":true,"href":"https:\/\/habloeducation.com\/de\/wp-json\/wp\/v2\/comments?post=5053"}],"version-history":[{"count":0,"href":"https:\/\/habloeducation.com\/de\/wp-json\/wp\/v2\/pages\/5053\/revisions"}],"wp:attachment":[{"href":"https:\/\/habloeducation.com\/de\/wp-json\/wp\/v2\/media?parent=5053"}],"curies":[{"name":"wp","href":"https:\/\/api.w.org\/{rel}","templated":true}]}}