{"id":4994,"date":"2025-06-10T00:10:16","date_gmt":"2025-06-10T00:10:16","guid":{"rendered":"https:\/\/habloeducation.com\/politica-de-cookies-2\/"},"modified":"2025-06-10T00:10:16","modified_gmt":"2025-06-10T00:10:16","slug":"politica-de-cookies-2","status":"publish","type":"page","link":"https:\/\/habloeducation.com\/pt-br\/politica-de-cookies-2\/","title":{"rendered":"Pol\u00edtica de cookies"},"content":{"rendered":"\n<h1 class=\"wp-block-heading\"><\/h1>\n\n\n\n<p>Hablo Programas Educativos SL, como Respons\u00e1vel pelo Tratamento, processa os dados pessoais fornecidos para fornecer a voc\u00ea as informa\u00e7\u00f5es ou servi\u00e7os solicitados, bem como para realizar o faturamento correspondente e os procedimentos administrativos e comerciais necess\u00e1rios. Esses dados ser\u00e3o processados de acordo com as disposi\u00e7\u00f5es do Regulamento (UE) 2016\/679, de 27 de abril (GDPR), e da Lei Org\u00e2nica 3\/2018, de 5 de dezembro (LOPDGDD), com base no interesse leg\u00edtimo do controlador de dados (art. 6.1.f GDPR), e ser\u00e3o mantidos pelo tempo estritamente necess\u00e1rio para manter a finalidade do processamento ou por obriga\u00e7\u00e3o legal. Nenhum dado ser\u00e1 comunicado a terceiros, a menos que seja exigido por lei.<br>Voc\u00ea pode exercer seus direitos de acesso, retifica\u00e7\u00e3o, portabilidade e exclus\u00e3o de seus dados, bem como os de limita\u00e7\u00e3o e oposi\u00e7\u00e3o ao seu processamento, entrando em contato com a Hablo Educational Programs SL, com sede em c\/ Legazpi n\u00ba23, pta 108, 46730 &#8211; Playa de Gand\u00eda (Val\u00eancia), ou por e-mail em admin@habloeducation.es. Voc\u00ea tamb\u00e9m pode registrar uma reclama\u00e7\u00e3o junto \u00e0 Ag\u00eancia Espanhola de Prote\u00e7\u00e3o de Dados em www.aepd.es.   <\/p>\n\n\n\n<h2 class=\"wp-block-heading\">1. o que s\u00e3o cookies?<\/h2>\n\n\n\n<p>Cookies s\u00e3o pequenos arquivos de texto que s\u00e3o armazenados no seu dispositivo (computador, celular, tablet) quando voc\u00ea visita um site. A principal fun\u00e7\u00e3o deles \u00e9 lembrar informa\u00e7\u00f5es sobre sua visita para melhorar a experi\u00eancia do usu\u00e1rio, facilitar a navega\u00e7\u00e3o e, em alguns casos, coletar dados estat\u00edsticos ou de publicidade. <\/p>\n\n\n\n<h2 class=\"wp-block-heading\">2. tipos de cookies que usamos<\/h2>\n\n\n\n<p>No habloeducation.com, usamos os seguintes tipos de cookies:<\/p>\n\n\n\n<h3 class=\"wp-block-heading\">2.1 Cookies t\u00e9cnicos e funcionais<\/h3>\n\n\n\n<p>Eles s\u00e3o essenciais para o funcionamento adequado do site e permitem que voc\u00ea navegue e use suas funcionalidades, como acessar \u00e1reas seguras ou lembrar suas prefer\u00eancias. Sem esses cookies, alguns servi\u00e7os podem n\u00e3o estar dispon\u00edveis. <\/p>\n\n\n\n<h3 class=\"wp-block-heading\">2.2 Cookies anal\u00edticos<\/h3>\n\n\n\n<p>Eles coletam informa\u00e7\u00f5es de forma an\u00f4nima sobre como os visitantes usam o site, quais p\u00e1ginas visitam com mais frequ\u00eancia e se recebem mensagens de erro. Esses dados nos ajudam a melhorar o desempenho e a usabilidade do site. <\/p>\n\n\n\n<h3 class=\"wp-block-heading\">2.3 Cookies de personaliza\u00e7\u00e3o<\/h3>\n\n\n\n<p>Eles nos permitem lembrar suas escolhas e prefer\u00eancias (como idioma ou regi\u00e3o) para oferecer a voc\u00ea uma experi\u00eancia mais personalizada.<\/p>\n\n\n\n<h3 class=\"wp-block-heading\">2.4 Cookies de publicidade e de terceiros<\/h3>\n\n\n\n<p>Eles s\u00e3o usados para mostrar a voc\u00ea an\u00fancios relevantes com base em seus interesses e para limitar o n\u00famero de vezes que voc\u00ea v\u00ea um an\u00fancio. Eles tamb\u00e9m podem ser usados por terceiros para realizar an\u00e1lises e medir a efic\u00e1cia das campanhas publicit\u00e1rias. <\/p>\n\n\n\n<h2 class=\"wp-block-heading\">3. Cookies usados no habloeducation.com<\/h2>\n\n\n\n<p>Abaixo est\u00e3o alguns dos cookies que usamos, sua finalidade e dura\u00e7\u00e3o:<\/p>\n\n\n\n<figure class=\"wp-block-table\"><table class=\"has-fixed-layout\"><thead><tr><th>Nome do cookie<\/th><th>Finalidade<\/th><th>Dura\u00e7\u00e3o<\/th><th>Tipo de cookie<\/th><\/tr><\/thead><tbody><tr><td>_ga<\/td><td>Google Analytics, an\u00e1lise<\/td><td>2 anos<\/td><td>An\u00e1lises<\/td><\/tr><tr><td>_gid<\/td><td>Google Analytics, an\u00e1lise<\/td><td>24 horas<\/td><td>An\u00e1lises<\/td><\/tr><tr><td>cookie_consent<\/td><td>Registro de consentimento<\/td><td>1 ano<\/td><td>T\u00e9cnica<\/td><\/tr><tr><td>_fbp<\/td><td>Facebook Pixel, publicidade<\/td><td>3 meses<\/td><td>Publicidade<\/td><\/tr><\/tbody><\/table><\/figure>\n\n\n\n<p><em>(Esta tabela \u00e9 um exemplo; ela deve ser adaptada de acordo com os cookies reais usados pelo site).<\/em><\/p>\n\n\n\n<h2 class=\"wp-block-heading\">4. Gerenciamento de consentimento e cookies<\/h2>\n\n\n\n<p>Ao acessar o habloeducation.com, voc\u00ea ver\u00e1 um aviso de cookies no qual poder\u00e1 aceitar, rejeitar ou configurar suas prefer\u00eancias em rela\u00e7\u00e3o ao uso de cookies. Seu consentimento \u00e9 necess\u00e1rio para o uso de cookies que n\u00e3o sejam estritamente t\u00e9cnicos. <\/p>\n\n\n\n<p>Voc\u00ea pode gerenciar ou revogar seu consentimento a qualquer momento usando o link ou bot\u00e3o de configura\u00e7\u00f5es de cookies dispon\u00edvel no rodap\u00e9 do site.<\/p>\n\n\n\n<h2 class=\"wp-block-heading\">5. Como desativar ou excluir cookies<\/h2>\n\n\n\n<p>Voc\u00ea pode configurar seu navegador para bloquear ou excluir cookies. Veja a seguir como voc\u00ea pode fazer isso nos navegadores mais comuns: <\/p>\n\n\n\n<ul class=\"wp-block-list\">\n<li><strong>Google Chrome:<\/strong> Configura\u00e7\u00f5es &gt; Privacidade e seguran\u00e7a &gt; Cookies e outros dados do site.<\/li>\n\n\n\n<li><strong>Mozilla Firefox:<\/strong> Op\u00e7\u00f5es &gt; Privacidade e seguran\u00e7a &gt; Cookies e dados do site.<\/li>\n\n\n\n<li><strong>Safari:<\/strong> Prefer\u00eancias &gt; Privacidade &gt; Gerenciar dados de sites.<\/li>\n\n\n\n<li><strong>Microsoft Edge:<\/strong> Configura\u00e7\u00f5es &gt; Cookies e permiss\u00f5es de site.<\/li>\n<\/ul>\n\n\n\n<p>Observe que a desativa\u00e7\u00e3o dos cookies pode afetar a funcionalidade e a experi\u00eancia de navega\u00e7\u00e3o em nosso site.<\/p>\n\n\n\n<h2 class=\"wp-block-heading\">6. Links para pol\u00edticas de terceiros<\/h2>\n\n\n\n<p>No Hablo Education, podemos usar servi\u00e7os de terceiros (como o Google Analytics, Facebook Pixel) que tamb\u00e9m usam cookies. Recomendamos que voc\u00ea consulte suas pol\u00edticas de privacidade e de cookies para obter mais informa\u00e7\u00f5es sobre seu uso e gerenciamento. <\/p>\n\n\n\n<h2 class=\"wp-block-heading\">7. Modifica\u00e7\u00f5es na Pol\u00edtica de Cookies<\/h2>\n\n\n\n<p>Reservamo-nos o direito de modificar esta Pol\u00edtica de Cookies para adapt\u00e1-la \u00e0 nova legisla\u00e7\u00e3o ou a mudan\u00e7as em nossas pr\u00e1ticas. Recomendamos que voc\u00ea a revise periodicamente para se manter informado. <\/p>\n\n\n\n<h2 class=\"wp-block-heading\">8. Contato<\/h2>\n\n\n\n<p>Se tiver alguma d\u00favida ou quiser exercer seus direitos relacionados ao processamento de seus dados pessoais, voc\u00ea pode entrar em contato conosco pelo endere\u00e7o<\/p>\n\n\n\n<p>E-mail: <a href=\"eduardo.gumbrevicius@habloeducation.es\">admin@habloeducation.es<\/a><br>Endere\u00e7o:<strong> Rosa de los Vientos Bajo 51, Gand\u00eda.<\/strong><\/p>\n","protected":false},"excerpt":{"rendered":"<p>Hablo Programas Educativos SL, como Respons\u00e1vel pelo Tratamento, processa os dados pessoais fornecidos para fornecer a voc\u00ea as informa\u00e7\u00f5es ou servi\u00e7os solicitados, bem como para realizar<span class=\"excerpt-hellip\"> [\u2026]<\/span><\/p>\n","protected":false},"author":2,"featured_media":0,"parent":0,"menu_order":55,"comment_status":"closed","ping_status":"closed","template":"","meta":{"_joinchat":[],"footnotes":""},"class_list":["post-4994","page","type-page","status-publish","hentry"],"yoast_head":"<!-- This site is optimized with the Yoast SEO Premium plugin v27.3 (Yoast SEO v27.3) - https:\/\/yoast.com\/product\/yoast-seo-premium-wordpress\/ -->\n<title>Pol\u00edtica de cookies - Hablo Education<\/title>\n<meta name=\"robots\" content=\"index, follow, max-snippet:-1, max-image-preview:large, max-video-preview:-1\" \/>\n<link rel=\"canonical\" href=\"https:\/\/habloeducation.com\/politica-de-cookies-2\/\" \/>\n<meta property=\"og:locale\" content=\"pt_BR\" \/>\n<meta property=\"og:type\" content=\"article\" \/>\n<meta property=\"og:title\" content=\"Pol\u00edtica de cookies\" \/>\n<meta property=\"og:description\" content=\"Hablo Programas Educativos SL, como Respons\u00e1vel pelo Tratamento, processa os dados pessoais fornecidos para fornecer a voc\u00ea as informa\u00e7\u00f5es ou servi\u00e7os solicitados, bem como para realizar [\u2026]\" \/>\n<meta property=\"og:url\" content=\"https:\/\/habloeducation.com\/politica-de-cookies-2\/\" \/>\n<meta property=\"og:site_name\" content=\"Hablo Education\" \/>\n<meta property=\"article:publisher\" content=\"https:\/\/www.facebook.com\/habloeducation\" \/>\n<meta name=\"twitter:card\" content=\"summary_large_image\" \/>\n<meta name=\"twitter:label1\" content=\"Est. tempo de leitura\" \/>\n\t<meta name=\"twitter:data1\" content=\"4 minutos\" \/>\n<script type=\"application\/ld+json\" class=\"yoast-schema-graph\">{\"@context\":\"https:\\\/\\\/schema.org\",\"@graph\":[{\"@type\":\"WebPage\",\"@id\":\"https:\\\/\\\/habloeducation.com\\\/politica-de-cookies-2\\\/\",\"url\":\"https:\\\/\\\/habloeducation.com\\\/politica-de-cookies-2\\\/\",\"name\":\"Pol\u00edtica de cookies - Hablo Education\",\"isPartOf\":{\"@id\":\"https:\\\/\\\/habloeducation.com\\\/#website\"},\"datePublished\":\"2025-06-10T00:10:16+00:00\",\"breadcrumb\":{\"@id\":\"https:\\\/\\\/habloeducation.com\\\/politica-de-cookies-2\\\/#breadcrumb\"},\"inLanguage\":\"pt-BR\",\"potentialAction\":[{\"@type\":\"ReadAction\",\"target\":[\"https:\\\/\\\/habloeducation.com\\\/politica-de-cookies-2\\\/\"]}]},{\"@type\":\"BreadcrumbList\",\"@id\":\"https:\\\/\\\/habloeducation.com\\\/politica-de-cookies-2\\\/#breadcrumb\",\"itemListElement\":[{\"@type\":\"ListItem\",\"position\":1,\"name\":\"Portada\",\"item\":\"https:\\\/\\\/habloeducation.com\\\/\"},{\"@type\":\"ListItem\",\"position\":2,\"name\":\"Pol\u00edtica de cookies\"}]},{\"@type\":\"WebSite\",\"@id\":\"https:\\\/\\\/habloeducation.com\\\/#website\",\"url\":\"https:\\\/\\\/habloeducation.com\\\/\",\"name\":\"Hablo Education\",\"description\":\"\",\"publisher\":{\"@id\":\"https:\\\/\\\/habloeducation.com\\\/#organization\"},\"potentialAction\":[{\"@type\":\"SearchAction\",\"target\":{\"@type\":\"EntryPoint\",\"urlTemplate\":\"https:\\\/\\\/habloeducation.com\\\/?s={search_term_string}\"},\"query-input\":{\"@type\":\"PropertyValueSpecification\",\"valueRequired\":true,\"valueName\":\"search_term_string\"}}],\"inLanguage\":\"pt-BR\"},{\"@type\":\"Organization\",\"@id\":\"https:\\\/\\\/habloeducation.com\\\/#organization\",\"name\":\"Hablo Education\",\"url\":\"https:\\\/\\\/habloeducation.com\\\/\",\"logo\":{\"@type\":\"ImageObject\",\"inLanguage\":\"pt-BR\",\"@id\":\"https:\\\/\\\/habloeducation.com\\\/#\\\/schema\\\/logo\\\/image\\\/\",\"url\":\"https:\\\/\\\/habloeducation.com\\\/wp-content\\\/uploads\\\/2025\\\/03\\\/cropped-cropped-LOGO-HABLO-ORIGINAL-FULL.png\",\"contentUrl\":\"https:\\\/\\\/habloeducation.com\\\/wp-content\\\/uploads\\\/2025\\\/03\\\/cropped-cropped-LOGO-HABLO-ORIGINAL-FULL.png\",\"width\":1311,\"height\":469,\"caption\":\"Hablo Education\"},\"image\":{\"@id\":\"https:\\\/\\\/habloeducation.com\\\/#\\\/schema\\\/logo\\\/image\\\/\"},\"sameAs\":[\"https:\\\/\\\/www.facebook.com\\\/habloeducation\",\"https:\\\/\\\/www.instagram.com\\\/habloeducational\\\/\"]}]}<\/script>\n<!-- \/ Yoast SEO Premium plugin. -->","yoast_head_json":{"title":"Pol\u00edtica de cookies - Hablo Education","robots":{"index":"index","follow":"follow","max-snippet":"max-snippet:-1","max-image-preview":"max-image-preview:large","max-video-preview":"max-video-preview:-1"},"canonical":"https:\/\/habloeducation.com\/politica-de-cookies-2\/","og_locale":"pt_BR","og_type":"article","og_title":"Pol\u00edtica de cookies","og_description":"Hablo Programas Educativos SL, como Respons\u00e1vel pelo Tratamento, processa os dados pessoais fornecidos para fornecer a voc\u00ea as informa\u00e7\u00f5es ou servi\u00e7os solicitados, bem como para realizar [\u2026]","og_url":"https:\/\/habloeducation.com\/politica-de-cookies-2\/","og_site_name":"Hablo Education","article_publisher":"https:\/\/www.facebook.com\/habloeducation","twitter_card":"summary_large_image","twitter_misc":{"Est. tempo de leitura":"4 minutos"},"schema":{"@context":"https:\/\/schema.org","@graph":[{"@type":"WebPage","@id":"https:\/\/habloeducation.com\/politica-de-cookies-2\/","url":"https:\/\/habloeducation.com\/politica-de-cookies-2\/","name":"Pol\u00edtica de cookies - Hablo Education","isPartOf":{"@id":"https:\/\/habloeducation.com\/#website"},"datePublished":"2025-06-10T00:10:16+00:00","breadcrumb":{"@id":"https:\/\/habloeducation.com\/politica-de-cookies-2\/#breadcrumb"},"inLanguage":"pt-BR","potentialAction":[{"@type":"ReadAction","target":["https:\/\/habloeducation.com\/politica-de-cookies-2\/"]}]},{"@type":"BreadcrumbList","@id":"https:\/\/habloeducation.com\/politica-de-cookies-2\/#breadcrumb","itemListElement":[{"@type":"ListItem","position":1,"name":"Portada","item":"https:\/\/habloeducation.com\/"},{"@type":"ListItem","position":2,"name":"Pol\u00edtica de cookies"}]},{"@type":"WebSite","@id":"https:\/\/habloeducation.com\/#website","url":"https:\/\/habloeducation.com\/","name":"Hablo Education","description":"","publisher":{"@id":"https:\/\/habloeducation.com\/#organization"},"potentialAction":[{"@type":"SearchAction","target":{"@type":"EntryPoint","urlTemplate":"https:\/\/habloeducation.com\/?s={search_term_string}"},"query-input":{"@type":"PropertyValueSpecification","valueRequired":true,"valueName":"search_term_string"}}],"inLanguage":"pt-BR"},{"@type":"Organization","@id":"https:\/\/habloeducation.com\/#organization","name":"Hablo Education","url":"https:\/\/habloeducation.com\/","logo":{"@type":"ImageObject","inLanguage":"pt-BR","@id":"https:\/\/habloeducation.com\/#\/schema\/logo\/image\/","url":"https:\/\/habloeducation.com\/wp-content\/uploads\/2025\/03\/cropped-cropped-LOGO-HABLO-ORIGINAL-FULL.png","contentUrl":"https:\/\/habloeducation.com\/wp-content\/uploads\/2025\/03\/cropped-cropped-LOGO-HABLO-ORIGINAL-FULL.png","width":1311,"height":469,"caption":"Hablo Education"},"image":{"@id":"https:\/\/habloeducation.com\/#\/schema\/logo\/image\/"},"sameAs":["https:\/\/www.facebook.com\/habloeducation","https:\/\/www.instagram.com\/habloeducational\/"]}]}},"_links":{"self":[{"href":"https:\/\/habloeducation.com\/pt-br\/wp-json\/wp\/v2\/pages\/4994","targetHints":{"allow":["GET"]}}],"collection":[{"href":"https:\/\/habloeducation.com\/pt-br\/wp-json\/wp\/v2\/pages"}],"about":[{"href":"https:\/\/habloeducation.com\/pt-br\/wp-json\/wp\/v2\/types\/page"}],"author":[{"embeddable":true,"href":"https:\/\/habloeducation.com\/pt-br\/wp-json\/wp\/v2\/users\/2"}],"replies":[{"embeddable":true,"href":"https:\/\/habloeducation.com\/pt-br\/wp-json\/wp\/v2\/comments?post=4994"}],"version-history":[{"count":0,"href":"https:\/\/habloeducation.com\/pt-br\/wp-json\/wp\/v2\/pages\/4994\/revisions"}],"wp:attachment":[{"href":"https:\/\/habloeducation.com\/pt-br\/wp-json\/wp\/v2\/media?parent=4994"}],"curies":[{"name":"wp","href":"https:\/\/api.w.org\/{rel}","templated":true}]}}