{"id":4993,"date":"2025-06-10T00:10:16","date_gmt":"2025-06-10T00:10:16","guid":{"rendered":"https:\/\/habloeducation.com\/politica-de-cookies-2\/"},"modified":"2025-06-10T00:10:16","modified_gmt":"2025-06-10T00:10:16","slug":"politica-de-cookies-2","status":"publish","type":"page","link":"https:\/\/habloeducation.com\/pt-pt\/politica-de-cookies-2\/","title":{"rendered":"Pol\u00edtica de cookies"},"content":{"rendered":"\n<h1 class=\"wp-block-heading\"><\/h1>\n\n\n\n<p>Hablo Programas Educativos SL, na qualidade de Respons\u00e1vel pelo Tratamento, trata os dados pessoais fornecidos com a finalidade de te fornecer as informa\u00e7\u00f5es ou servi\u00e7os solicitados, bem como para realizar a fatura\u00e7\u00e3o correspondente e os procedimentos administrativos e comerciais necess\u00e1rios. Os referidos dados ser\u00e3o tratados em conformidade com o disposto no Regulamento (UE) 2016\/679, de 27 de abril (RGPD), e na Lei Org\u00e2nica 3\/2018, de 5 de dezembro (LOPDGDD), com base no interesse leg\u00edtimo do respons\u00e1vel pelo tratamento (art. 6.1.f RGPD), e ser\u00e3o conservados durante o tempo estritamente necess\u00e1rio para manter a finalidade do tratamento ou por obriga\u00e7\u00e3o legal. Nenhum dado ser\u00e1 comunicado a terceiros, a menos que seja exigido por lei.<br>Podes exercer os teus direitos de acesso, retifica\u00e7\u00e3o, portabilidade e elimina\u00e7\u00e3o dos teus dados, bem como os de limita\u00e7\u00e3o e oposi\u00e7\u00e3o ao seu tratamento, contactando a Hablo Programas Educativos SL, com sede social em c\/ Legazpi n\u00ba23, pta 108, 46730 &#8211; Playa de Gand\u00eda (Valencia), ou atrav\u00e9s do e-mail admin@habloeducation.es. Tamb\u00e9m podes apresentar uma queixa \u00e0 Ag\u00eancia Espanhola de Prote\u00e7\u00e3o de Dados em www.aepd.es.   <\/p>\n\n\n\n<h2 class=\"wp-block-heading\">1. o que s\u00e3o cookies?<\/h2>\n\n\n\n<p>Os cookies s\u00e3o pequenos ficheiros de texto que s\u00e3o armazenados no teu dispositivo (computador, telem\u00f3vel, tablet) quando visitas um s\u00edtio Web. A sua principal fun\u00e7\u00e3o \u00e9 recordar informa\u00e7\u00f5es sobre a tua visita para melhorar a experi\u00eancia do utilizador, facilitar a navega\u00e7\u00e3o e, em alguns casos, recolher dados estat\u00edsticos ou publicit\u00e1rios. <\/p>\n\n\n\n<h2 class=\"wp-block-heading\">2. tipos de cookies que utilizamos<\/h2>\n\n\n\n<p>Em habloeducation.com utilizamos os seguintes tipos de cookies:<\/p>\n\n\n\n<h3 class=\"wp-block-heading\">2.1 Cookies t\u00e9cnicos e funcionais<\/h3>\n\n\n\n<p>S\u00e3o essenciais para o bom funcionamento do site e permitem-te navegar e utilizar as suas funcionalidades, como aceder a \u00e1reas seguras ou recordar as tuas prefer\u00eancias. Sem estes cookies, alguns servi\u00e7os podem n\u00e3o estar dispon\u00edveis. <\/p>\n\n\n\n<h3 class=\"wp-block-heading\">2.2 Biscoitos anal\u00edticos<\/h3>\n\n\n\n<p>Recolhem informa\u00e7\u00f5es de forma an\u00f3nima sobre a forma como os visitantes utilizam o s\u00edtio Web, as p\u00e1ginas que visitam mais frequentemente e se recebem mensagens de erro. Estes dados ajudam-nos a melhorar o desempenho e a facilidade de utiliza\u00e7\u00e3o do s\u00edtio Web. <\/p>\n\n\n\n<h3 class=\"wp-block-heading\">2.3 Cookies de personaliza\u00e7\u00e3o<\/h3>\n\n\n\n<p>Permitem-nos recordar as tuas escolhas e prefer\u00eancias (como a l\u00edngua ou a regi\u00e3o) para te proporcionar uma experi\u00eancia mais personalizada.<\/p>\n\n\n\n<h3 class=\"wp-block-heading\">2.4 Publicidade e cookies de terceiros<\/h3>\n\n\n\n<p>S\u00e3o utilizados para te mostrar publicidade relevante com base nos teus interesses e para limitar o n\u00famero de vezes que v\u00eas um an\u00fancio. Tamb\u00e9m podem ser utilizados por terceiros para efetuar an\u00e1lises e medir a efic\u00e1cia das campanhas publicit\u00e1rias. <\/p>\n\n\n\n<h2 class=\"wp-block-heading\">3. Cookies utilizados em habloeducation.com<\/h2>\n\n\n\n<p>Abaixo est\u00e3o alguns dos cookies que utilizamos, a sua finalidade e dura\u00e7\u00e3o:<\/p>\n\n\n\n<figure class=\"wp-block-table\"><table class=\"has-fixed-layout\"><thead><tr><th>Nome do cookie<\/th><th>Finalidade<\/th><th>Dura\u00e7\u00e3o<\/th><th>Tipo de cookie<\/th><\/tr><\/thead><tbody><tr><td>_ga<\/td><td>Google Analytics, an\u00e1lise<\/td><td>2 anos<\/td><td>An\u00e1lises<\/td><\/tr><tr><td>_gid<\/td><td>Google Analytics, an\u00e1lise<\/td><td>24 horas<\/td><td>Anal\u00edtica<\/td><\/tr><tr><td>cookie_consent<\/td><td>Registo do consentimento<\/td><td>1 ano<\/td><td>T\u00e9cnica<\/td><\/tr><tr><td>_fbp<\/td><td>Facebook Pixel, publicidade<\/td><td>3 meses<\/td><td>Publicidade<\/td><\/tr><\/tbody><\/table><\/figure>\n\n\n\n<p><em>(Esta tabela \u00e9 um exemplo; deve ser adaptada de acordo com os cookies reais utilizados pelo s\u00edtio).<\/em><\/p>\n\n\n\n<h2 class=\"wp-block-heading\">4. Consentimento e gest\u00e3o de cookies<\/h2>\n\n\n\n<p>Quando acedes a habloeducation.com, \u00e9-te mostrado um aviso de cookies onde podes aceitar, rejeitar ou configurar as tuas prefer\u00eancias relativamente \u00e0 utiliza\u00e7\u00e3o de cookies. O teu consentimento \u00e9 necess\u00e1rio para a utiliza\u00e7\u00e3o de cookies que n\u00e3o sejam estritamente t\u00e9cnicos. <\/p>\n\n\n\n<p>Podes gerir ou revogar o teu consentimento em qualquer altura, utilizando a liga\u00e7\u00e3o ou o bot\u00e3o de defini\u00e7\u00f5es de cookies dispon\u00edvel no rodap\u00e9 do s\u00edtio Web.<\/p>\n\n\n\n<h2 class=\"wp-block-heading\">5. Como desativar ou apagar cookies<\/h2>\n\n\n\n<p>Podes configurar o teu browser para bloquear ou apagar cookies. V\u00ea aqui como fazer isso nos browsers mais comuns: <\/p>\n\n\n\n<ul class=\"wp-block-list\">\n<li><strong>Google Chrome:<\/strong> Defini\u00e7\u00f5es &gt; Privacidade e seguran\u00e7a &gt; Cookies e outros dados do site.<\/li>\n\n\n\n<li><strong>Mozilla Firefox:<\/strong> Op\u00e7\u00f5es &gt; Privacidade e seguran\u00e7a &gt; Cookies e dados do s\u00edtio.<\/li>\n\n\n\n<li><strong>Safari:<\/strong> Prefer\u00eancias &gt; Privacidade &gt; Gerir os dados do site.<\/li>\n\n\n\n<li><strong>Microsoft Edge:<\/strong> Defini\u00e7\u00f5es &gt; Cookies e permiss\u00f5es de sites.<\/li>\n<\/ul>\n\n\n\n<p>Tem em aten\u00e7\u00e3o que a desativa\u00e7\u00e3o dos cookies pode afetar a funcionalidade e a experi\u00eancia de navega\u00e7\u00e3o no nosso s\u00edtio Web.<\/p>\n\n\n\n<h2 class=\"wp-block-heading\">6. Liga\u00e7\u00f5es para pol\u00edticas de terceiros<\/h2>\n\n\n\n<p>Na Hablo Education podemos utilizar servi\u00e7os de terceiros (como o Google Analytics, Facebook Pixel) que tamb\u00e9m utilizam cookies. Recomendamos que consultes as suas pol\u00edticas de privacidade e de cookies para obteres mais informa\u00e7\u00f5es sobre a sua utiliza\u00e7\u00e3o e gest\u00e3o. <\/p>\n\n\n\n<h2 class=\"wp-block-heading\">7. Altera\u00e7\u00f5es \u00e0 pol\u00edtica de cookies<\/h2>\n\n\n\n<p>Reservamo-nos o direito de modificar esta Pol\u00edtica de Cookies para a adaptar \u00e0 nova legisla\u00e7\u00e3o ou a altera\u00e7\u00f5es nas nossas pr\u00e1ticas. Recomendamos que a revejas periodicamente para te manteres informado. <\/p>\n\n\n\n<h2 class=\"wp-block-heading\">8. Contacta<\/h2>\n\n\n\n<p>Se tiveres alguma d\u00favida ou pretenderes exercer os teus direitos relacionados com o tratamento dos teus dados pessoais, podes contactar-nos atrav\u00e9s do seguinte endere\u00e7o<\/p>\n\n\n\n<p>Correio eletr\u00f3nico: <a href=\"eduardo.gumbrevicius@habloeducation.es\">admin@habloeducation.es<\/a><br>Endere\u00e7o:<strong> Rosa de los Vientos Bajo 51, Gand\u00eda.<\/strong><\/p>\n","protected":false},"excerpt":{"rendered":"<p>Hablo Programas Educativos SL, na qualidade de Respons\u00e1vel pelo Tratamento, trata os dados pessoais fornecidos com a finalidade de te fornecer as informa\u00e7\u00f5es ou servi\u00e7os solicitados,<span class=\"excerpt-hellip\"> [\u2026]<\/span><\/p>\n","protected":false},"author":2,"featured_media":0,"parent":0,"menu_order":56,"comment_status":"closed","ping_status":"closed","template":"","meta":{"_joinchat":[],"footnotes":""},"class_list":["post-4993","page","type-page","status-publish","hentry"],"yoast_head":"<!-- This site is optimized with the Yoast SEO Premium plugin v27.3 (Yoast SEO v27.3) - https:\/\/yoast.com\/product\/yoast-seo-premium-wordpress\/ -->\n<title>Pol\u00edtica de cookies - Hablo Education<\/title>\n<meta name=\"robots\" content=\"index, follow, max-snippet:-1, max-image-preview:large, max-video-preview:-1\" \/>\n<link rel=\"canonical\" href=\"https:\/\/habloeducation.com\/politica-de-cookies-2\/\" \/>\n<meta property=\"og:locale\" content=\"pt_PT\" \/>\n<meta property=\"og:type\" content=\"article\" \/>\n<meta property=\"og:title\" content=\"Pol\u00edtica de cookies\" \/>\n<meta property=\"og:description\" content=\"Hablo Programas Educativos SL, na qualidade de Respons\u00e1vel pelo Tratamento, trata os dados pessoais fornecidos com a finalidade de te fornecer as informa\u00e7\u00f5es ou servi\u00e7os solicitados, [\u2026]\" \/>\n<meta property=\"og:url\" content=\"https:\/\/habloeducation.com\/politica-de-cookies-2\/\" \/>\n<meta property=\"og:site_name\" content=\"Hablo Education\" \/>\n<meta property=\"article:publisher\" content=\"https:\/\/www.facebook.com\/habloeducation\" \/>\n<meta name=\"twitter:card\" content=\"summary_large_image\" \/>\n<meta name=\"twitter:label1\" content=\"Tempo estimado de leitura\" \/>\n\t<meta name=\"twitter:data1\" content=\"4 minutos\" \/>\n<script type=\"application\/ld+json\" class=\"yoast-schema-graph\">{\"@context\":\"https:\\\/\\\/schema.org\",\"@graph\":[{\"@type\":\"WebPage\",\"@id\":\"https:\\\/\\\/habloeducation.com\\\/politica-de-cookies-2\\\/\",\"url\":\"https:\\\/\\\/habloeducation.com\\\/politica-de-cookies-2\\\/\",\"name\":\"Pol\u00edtica de cookies - Hablo Education\",\"isPartOf\":{\"@id\":\"https:\\\/\\\/habloeducation.com\\\/#website\"},\"datePublished\":\"2025-06-10T00:10:16+00:00\",\"breadcrumb\":{\"@id\":\"https:\\\/\\\/habloeducation.com\\\/politica-de-cookies-2\\\/#breadcrumb\"},\"inLanguage\":\"pt-PT\",\"potentialAction\":[{\"@type\":\"ReadAction\",\"target\":[\"https:\\\/\\\/habloeducation.com\\\/politica-de-cookies-2\\\/\"]}]},{\"@type\":\"BreadcrumbList\",\"@id\":\"https:\\\/\\\/habloeducation.com\\\/politica-de-cookies-2\\\/#breadcrumb\",\"itemListElement\":[{\"@type\":\"ListItem\",\"position\":1,\"name\":\"Portada\",\"item\":\"https:\\\/\\\/habloeducation.com\\\/\"},{\"@type\":\"ListItem\",\"position\":2,\"name\":\"Pol\u00edtica de cookies\"}]},{\"@type\":\"WebSite\",\"@id\":\"https:\\\/\\\/habloeducation.com\\\/#website\",\"url\":\"https:\\\/\\\/habloeducation.com\\\/\",\"name\":\"Hablo Education\",\"description\":\"\",\"publisher\":{\"@id\":\"https:\\\/\\\/habloeducation.com\\\/#organization\"},\"potentialAction\":[{\"@type\":\"SearchAction\",\"target\":{\"@type\":\"EntryPoint\",\"urlTemplate\":\"https:\\\/\\\/habloeducation.com\\\/?s={search_term_string}\"},\"query-input\":{\"@type\":\"PropertyValueSpecification\",\"valueRequired\":true,\"valueName\":\"search_term_string\"}}],\"inLanguage\":\"pt-PT\"},{\"@type\":\"Organization\",\"@id\":\"https:\\\/\\\/habloeducation.com\\\/#organization\",\"name\":\"Hablo Education\",\"url\":\"https:\\\/\\\/habloeducation.com\\\/\",\"logo\":{\"@type\":\"ImageObject\",\"inLanguage\":\"pt-PT\",\"@id\":\"https:\\\/\\\/habloeducation.com\\\/#\\\/schema\\\/logo\\\/image\\\/\",\"url\":\"https:\\\/\\\/habloeducation.com\\\/wp-content\\\/uploads\\\/2025\\\/03\\\/cropped-cropped-LOGO-HABLO-ORIGINAL-FULL.png\",\"contentUrl\":\"https:\\\/\\\/habloeducation.com\\\/wp-content\\\/uploads\\\/2025\\\/03\\\/cropped-cropped-LOGO-HABLO-ORIGINAL-FULL.png\",\"width\":1311,\"height\":469,\"caption\":\"Hablo Education\"},\"image\":{\"@id\":\"https:\\\/\\\/habloeducation.com\\\/#\\\/schema\\\/logo\\\/image\\\/\"},\"sameAs\":[\"https:\\\/\\\/www.facebook.com\\\/habloeducation\",\"https:\\\/\\\/www.instagram.com\\\/habloeducational\\\/\"]}]}<\/script>\n<!-- \/ Yoast SEO Premium plugin. -->","yoast_head_json":{"title":"Pol\u00edtica de cookies - Hablo Education","robots":{"index":"index","follow":"follow","max-snippet":"max-snippet:-1","max-image-preview":"max-image-preview:large","max-video-preview":"max-video-preview:-1"},"canonical":"https:\/\/habloeducation.com\/politica-de-cookies-2\/","og_locale":"pt_PT","og_type":"article","og_title":"Pol\u00edtica de cookies","og_description":"Hablo Programas Educativos SL, na qualidade de Respons\u00e1vel pelo Tratamento, trata os dados pessoais fornecidos com a finalidade de te fornecer as informa\u00e7\u00f5es ou servi\u00e7os solicitados, [\u2026]","og_url":"https:\/\/habloeducation.com\/politica-de-cookies-2\/","og_site_name":"Hablo Education","article_publisher":"https:\/\/www.facebook.com\/habloeducation","twitter_card":"summary_large_image","twitter_misc":{"Tempo estimado de leitura":"4 minutos"},"schema":{"@context":"https:\/\/schema.org","@graph":[{"@type":"WebPage","@id":"https:\/\/habloeducation.com\/politica-de-cookies-2\/","url":"https:\/\/habloeducation.com\/politica-de-cookies-2\/","name":"Pol\u00edtica de cookies - Hablo Education","isPartOf":{"@id":"https:\/\/habloeducation.com\/#website"},"datePublished":"2025-06-10T00:10:16+00:00","breadcrumb":{"@id":"https:\/\/habloeducation.com\/politica-de-cookies-2\/#breadcrumb"},"inLanguage":"pt-PT","potentialAction":[{"@type":"ReadAction","target":["https:\/\/habloeducation.com\/politica-de-cookies-2\/"]}]},{"@type":"BreadcrumbList","@id":"https:\/\/habloeducation.com\/politica-de-cookies-2\/#breadcrumb","itemListElement":[{"@type":"ListItem","position":1,"name":"Portada","item":"https:\/\/habloeducation.com\/"},{"@type":"ListItem","position":2,"name":"Pol\u00edtica de cookies"}]},{"@type":"WebSite","@id":"https:\/\/habloeducation.com\/#website","url":"https:\/\/habloeducation.com\/","name":"Hablo Education","description":"","publisher":{"@id":"https:\/\/habloeducation.com\/#organization"},"potentialAction":[{"@type":"SearchAction","target":{"@type":"EntryPoint","urlTemplate":"https:\/\/habloeducation.com\/?s={search_term_string}"},"query-input":{"@type":"PropertyValueSpecification","valueRequired":true,"valueName":"search_term_string"}}],"inLanguage":"pt-PT"},{"@type":"Organization","@id":"https:\/\/habloeducation.com\/#organization","name":"Hablo Education","url":"https:\/\/habloeducation.com\/","logo":{"@type":"ImageObject","inLanguage":"pt-PT","@id":"https:\/\/habloeducation.com\/#\/schema\/logo\/image\/","url":"https:\/\/habloeducation.com\/wp-content\/uploads\/2025\/03\/cropped-cropped-LOGO-HABLO-ORIGINAL-FULL.png","contentUrl":"https:\/\/habloeducation.com\/wp-content\/uploads\/2025\/03\/cropped-cropped-LOGO-HABLO-ORIGINAL-FULL.png","width":1311,"height":469,"caption":"Hablo Education"},"image":{"@id":"https:\/\/habloeducation.com\/#\/schema\/logo\/image\/"},"sameAs":["https:\/\/www.facebook.com\/habloeducation","https:\/\/www.instagram.com\/habloeducational\/"]}]}},"_links":{"self":[{"href":"https:\/\/habloeducation.com\/pt-pt\/wp-json\/wp\/v2\/pages\/4993","targetHints":{"allow":["GET"]}}],"collection":[{"href":"https:\/\/habloeducation.com\/pt-pt\/wp-json\/wp\/v2\/pages"}],"about":[{"href":"https:\/\/habloeducation.com\/pt-pt\/wp-json\/wp\/v2\/types\/page"}],"author":[{"embeddable":true,"href":"https:\/\/habloeducation.com\/pt-pt\/wp-json\/wp\/v2\/users\/2"}],"replies":[{"embeddable":true,"href":"https:\/\/habloeducation.com\/pt-pt\/wp-json\/wp\/v2\/comments?post=4993"}],"version-history":[{"count":0,"href":"https:\/\/habloeducation.com\/pt-pt\/wp-json\/wp\/v2\/pages\/4993\/revisions"}],"wp:attachment":[{"href":"https:\/\/habloeducation.com\/pt-pt\/wp-json\/wp\/v2\/media?parent=4993"}],"curies":[{"name":"wp","href":"https:\/\/api.w.org\/{rel}","templated":true}]}}